{"id":2301,"date":"2021-12-14T12:25:31","date_gmt":"2021-12-14T11:25:31","guid":{"rendered":"https:\/\/soft-trades.com\/about-us\/"},"modified":"2024-06-27T11:48:57","modified_gmt":"2024-06-27T10:48:57","slug":"about-us","status":"publish","type":"page","link":"https:\/\/soft-trade-network.com\/pl\/about-us\/","title":{"rendered":"About Us"},"content":{"rendered":"\t\t<div data-elementor-type=\"wp-page\" data-elementor-id=\"2301\" class=\"elementor elementor-2301 elementor-977\">\n\t\t\t\t\t\t<div class=\"elementor-inner\">\n\t\t\t\t<div class=\"elementor-section-wrap\">\n\t\t\t\t\t\t\t\t\t<section class=\"elementor-section elementor-top-section elementor-element elementor-element-e5272c4 elementor-section-height-min-height elementor-section-boxed elementor-section-height-default elementor-section-items-middle\" data-id=\"e5272c4\" data-element_type=\"section\" data-settings=\"{&quot;background_background&quot;:&quot;classic&quot;,&quot;shape_divider_bottom&quot;:&quot;pyramids&quot;}\">\n\t\t\t\t\t\t\t<div class=\"elementor-background-overlay\"><\/div>\n\t\t\t\t\t\t<div class=\"elementor-shape elementor-shape-bottom\" data-negative=\"false\">\n\t\t\t<svg xmlns=\"http:\/\/www.w3.org\/2000\/svg\" viewBox=\"0 0 1000 100\" preserveAspectRatio=\"none\">\n\t<path class=\"elementor-shape-fill\" d=\"M761.9,44.1L643.1,27.2L333.8,98L0,3.8V0l1000,0v3.9\"\/>\n<\/svg>\t\t<\/div>\n\t\t\t\t\t<div class=\"elementor-container elementor-column-gap-default\">\n\t\t\t\t\t\t\t<div class=\"elementor-row\">\n\t\t\t\t\t<div class=\"elementor-column elementor-col-100 elementor-top-column elementor-element elementor-element-f140913\" data-id=\"f140913\" data-element_type=\"column\">\n\t\t\t<div class=\"elementor-column-wrap elementor-element-populated\">\n\t\t\t\t\t\t\t<div class=\"elementor-widget-wrap\">\n\t\t\t\t\t\t<div class=\"elementor-element elementor-element-239546a elementor-invisible elementor-widget elementor-widget-heading\" data-id=\"239546a\" data-element_type=\"widget\" data-settings=\"{&quot;_animation&quot;:&quot;fadeIn&quot;,&quot;_animation_delay&quot;:500}\" data-widget_type=\"heading.default\">\n\t\t\t\t<div class=\"elementor-widget-container\">\n\t\t\t<h2 class=\"elementor-heading-title elementor-size-default\">O nas<\/h2>\t\t<\/div>\n\t\t\t\t<\/div>\n\t\t\t\t<div class=\"elementor-element elementor-element-c966cba elementor-invisible elementor-widget elementor-widget-text-editor\" data-id=\"c966cba\" data-element_type=\"widget\" data-settings=\"{&quot;_animation&quot;:&quot;fadeInUp&quot;}\" data-widget_type=\"text-editor.default\">\n\t\t\t\t<div class=\"elementor-widget-container\">\n\t\t\t\t\t\t\t\t<div class=\"elementor-text-editor elementor-clearfix\">\n\t\t\t\t<p>Jeste\u015bmy wiod\u0105cym dostawc\u0105 produkt\u00f3w,<\/p><p>us\u0142ug i internetowej platformy handlowej.<\/p>\t\t\t\t\t<\/div>\n\t\t\t\t\t\t<\/div>\n\t\t\t\t<\/div>\n\t\t\t\t\t\t<\/div>\n\t\t\t\t\t<\/div>\n\t\t<\/div>\n\t\t\t\t\t\t\t\t<\/div>\n\t\t\t\t\t<\/div>\n\t\t<\/section>\n\t\t\t\t<section class=\"elementor-section elementor-top-section elementor-element elementor-element-10849ee elementor-section-boxed elementor-section-height-default elementor-section-height-default\" data-id=\"10849ee\" data-element_type=\"section\">\n\t\t\t\t\t\t<div class=\"elementor-container elementor-column-gap-default\">\n\t\t\t\t\t\t\t<div class=\"elementor-row\">\n\t\t\t\t\t<div class=\"elementor-column elementor-col-50 elementor-top-column elementor-element elementor-element-0655821 elementor-invisible\" data-id=\"0655821\" data-element_type=\"column\" data-settings=\"{&quot;animation&quot;:&quot;fadeInLeft&quot;}\">\n\t\t\t<div class=\"elementor-column-wrap elementor-element-populated\">\n\t\t\t\t\t\t\t<div class=\"elementor-widget-wrap\">\n\t\t\t\t\t\t<div class=\"elementor-element elementor-element-16b0bbf elementor-invisible elementor-widget elementor-widget-image\" data-id=\"16b0bbf\" data-element_type=\"widget\" data-settings=\"{&quot;_animation&quot;:&quot;fadeIn&quot;}\" data-widget_type=\"image.default\">\n\t\t\t\t<div class=\"elementor-widget-container\">\n\t\t\t\t\t\t\t\t<div class=\"elementor-image\">\n\t\t\t\t\t\t\t\t\t\t\t\t<img loading=\"lazy\" decoding=\"async\" width=\"1961\" height=\"2050\" src=\"https:\/\/soft-trade-network.com\/wp-content\/uploads\/2022\/01\/59547-cryptocurrency-ethereum-bitcoin-gold-cash-free-frame.png\" class=\"attachment-full size-full wp-image-1385\" alt=\"\" srcset=\"https:\/\/soft-trade-network.com\/wp-content\/uploads\/2022\/01\/59547-cryptocurrency-ethereum-bitcoin-gold-cash-free-frame.png 1961w, https:\/\/soft-trade-network.com\/wp-content\/uploads\/2022\/01\/59547-cryptocurrency-ethereum-bitcoin-gold-cash-free-frame-287x300.png 287w, https:\/\/soft-trade-network.com\/wp-content\/uploads\/2022\/01\/59547-cryptocurrency-ethereum-bitcoin-gold-cash-free-frame-980x1024.png 980w, https:\/\/soft-trade-network.com\/wp-content\/uploads\/2022\/01\/59547-cryptocurrency-ethereum-bitcoin-gold-cash-free-frame-768x803.png 768w, https:\/\/soft-trade-network.com\/wp-content\/uploads\/2022\/01\/59547-cryptocurrency-ethereum-bitcoin-gold-cash-free-frame-1469x1536.png 1469w, https:\/\/soft-trade-network.com\/wp-content\/uploads\/2022\/01\/59547-cryptocurrency-ethereum-bitcoin-gold-cash-free-frame-1959x2048.png 1959w\" sizes=\"auto, (max-width: 1961px) 100vw, 1961px\" \/>\t\t\t\t\t\t\t\t\t\t\t\t\t\t<\/div>\n\t\t\t\t\t\t<\/div>\n\t\t\t\t<\/div>\n\t\t\t\t\t\t<\/div>\n\t\t\t\t\t<\/div>\n\t\t<\/div>\n\t\t\t\t<div class=\"elementor-column elementor-col-50 elementor-top-column elementor-element elementor-element-a88e5a4 elementor-invisible\" data-id=\"a88e5a4\" data-element_type=\"column\" data-settings=\"{&quot;animation&quot;:&quot;fadeInRight&quot;}\">\n\t\t\t<div class=\"elementor-column-wrap elementor-element-populated\">\n\t\t\t\t\t\t\t<div class=\"elementor-widget-wrap\">\n\t\t\t\t\t\t<div class=\"elementor-element elementor-element-84806a9 elementor-widget elementor-widget-text-editor\" data-id=\"84806a9\" data-element_type=\"widget\" data-widget_type=\"text-editor.default\">\n\t\t\t\t<div class=\"elementor-widget-container\">\n\t\t\t\t\t\t\t\t<div class=\"elementor-text-editor elementor-clearfix\">\n\t\t\t\t<p>Zapewniamy nasz\u0105 platform\u0119 milionom handlowc\u00f3w, kt\u00f3rzy handluj\u0105 online. Dzi\u0119ki naszemu do\u015bwiadczeniu i adaptacji najnowocze\u015bniejszych technik i technologii handlowych rozwin\u0119li\u015bmy niezwyk\u0142y poziom wiedzy w handlu online. Stale s\u0142uchamy sugestii naszych klient\u00f3w dotycz\u0105cych sposob\u00f3w poprawy lub zmiany dowolnego aspektu naszych us\u0142ug, a obecnie jeste\u015bmy dumni i silni na rynku ze wzgl\u0119du na niezaprzeczaln\u0105 jako\u015b\u0107 naszych us\u0142ug handlowych.<\/p>\t\t\t\t\t<\/div>\n\t\t\t\t\t\t<\/div>\n\t\t\t\t<\/div>\n\t\t\t\t<div class=\"elementor-element elementor-element-3a36a65 elementor-widget elementor-widget-text-editor\" data-id=\"3a36a65\" data-element_type=\"widget\" data-widget_type=\"text-editor.default\">\n\t\t\t\t<div class=\"elementor-widget-container\">\n\t\t\t\t\t\t\t\t<div class=\"elementor-text-editor elementor-clearfix\">\n\t\t\t\t<p>W handlu online informacja i wiedza to dwa niezast\u0105pione aktywa. Zapewniamy niezb\u0119dne narz\u0119dzia analizy technicznej, wydarzenia i wiadomo\u015bci do przeprowadzenia dok\u0142adnej analizy fundamentalnej. Tabele cen na \u017cywo i wykresy pomog\u0105 Ci zrozumie\u0107 dzia\u0142ania aktyw\u00f3w w czasie.<\/p>\t\t\t\t\t<\/div>\n\t\t\t\t\t\t<\/div>\n\t\t\t\t<\/div>\n\t\t\t\t\t\t<\/div>\n\t\t\t\t\t<\/div>\n\t\t<\/div>\n\t\t\t\t\t\t\t\t<\/div>\n\t\t\t\t\t<\/div>\n\t\t<\/section>\n\t\t\t\t\t\t\t\t\t<\/div>\n\t\t\t<\/div>\n\t\t\t\t\t<\/div>\n\t\t","protected":false},"excerpt":{"rendered":"<p>O nas Jeste\u015bmy wiod\u0105cym dostawc\u0105 produkt\u00f3w, us\u0142ug i internetowej platformy handlowej. Zapewniamy nasz\u0105 platform\u0119 milionom handlowc\u00f3w, kt\u00f3rzy handluj\u0105 online. Dzi\u0119ki naszemu do\u015bwiadczeniu i adaptacji najnowocze\u015bniejszych technik i technologii handlowych rozwin\u0119li\u015bmy niezwyk\u0142y poziom wiedzy w handlu online. Stale s\u0142uchamy sugestii naszych klient\u00f3w dotycz\u0105cych sposob\u00f3w poprawy lub zmiany dowolnego aspektu naszych us\u0142ug, a obecnie jeste\u015bmy dumni i [&hellip;]<\/p>\n","protected":false},"author":1,"featured_media":0,"parent":0,"menu_order":0,"comment_status":"closed","ping_status":"closed","template":"","meta":{"footnotes":""},"class_list":["post-2301","page","type-page","status-publish","hentry"],"_links":{"self":[{"href":"https:\/\/soft-trade-network.com\/pl\/wp-json\/wp\/v2\/pages\/2301","targetHints":{"allow":["GET"]}}],"collection":[{"href":"https:\/\/soft-trade-network.com\/pl\/wp-json\/wp\/v2\/pages"}],"about":[{"href":"https:\/\/soft-trade-network.com\/pl\/wp-json\/wp\/v2\/types\/page"}],"author":[{"embeddable":true,"href":"https:\/\/soft-trade-network.com\/pl\/wp-json\/wp\/v2\/users\/1"}],"replies":[{"embeddable":true,"href":"https:\/\/soft-trade-network.com\/pl\/wp-json\/wp\/v2\/comments?post=2301"}],"version-history":[{"count":7,"href":"https:\/\/soft-trade-network.com\/pl\/wp-json\/wp\/v2\/pages\/2301\/revisions"}],"predecessor-version":[{"id":2561,"href":"https:\/\/soft-trade-network.com\/pl\/wp-json\/wp\/v2\/pages\/2301\/revisions\/2561"}],"wp:attachment":[{"href":"https:\/\/soft-trade-network.com\/pl\/wp-json\/wp\/v2\/media?parent=2301"}],"curies":[{"name":"wp","href":"https:\/\/api.w.org\/{rel}","templated":true}]}}