{"id":2283,"date":"2021-12-14T12:25:31","date_gmt":"2021-12-14T11:25:31","guid":{"rendered":"https:\/\/soft-trades.com\/why-soft-trade\/"},"modified":"2024-06-14T20:29:18","modified_gmt":"2024-06-14T19:29:18","slug":"why-soft-trade","status":"publish","type":"page","link":"https:\/\/soft-trade-network.com\/cs\/why-soft-trade\/","title":{"rendered":"Why Soft Trade?"},"content":{"rendered":"\t\t<div data-elementor-type=\"wp-page\" data-elementor-id=\"2283\" class=\"elementor elementor-2283 elementor-1016\">\n\t\t\t\t\t\t<div class=\"elementor-inner\">\n\t\t\t\t<div class=\"elementor-section-wrap\">\n\t\t\t\t\t\t\t\t\t<section class=\"elementor-section elementor-top-section elementor-element elementor-element-6c0a1d93 elementor-section-height-min-height elementor-section-boxed elementor-section-height-default elementor-section-items-middle\" data-id=\"6c0a1d93\" data-element_type=\"section\" data-settings=\"{&quot;background_background&quot;:&quot;classic&quot;,&quot;shape_divider_bottom&quot;:&quot;pyramids&quot;}\">\n\t\t\t\t\t\t\t<div class=\"elementor-background-overlay\"><\/div>\n\t\t\t\t\t\t<div class=\"elementor-shape elementor-shape-bottom\" data-negative=\"false\">\n\t\t\t<svg xmlns=\"http:\/\/www.w3.org\/2000\/svg\" viewBox=\"0 0 1000 100\" preserveAspectRatio=\"none\">\n\t<path class=\"elementor-shape-fill\" d=\"M761.9,44.1L643.1,27.2L333.8,98L0,3.8V0l1000,0v3.9\"\/>\n<\/svg>\t\t<\/div>\n\t\t\t\t\t<div class=\"elementor-container elementor-column-gap-default\">\n\t\t\t\t\t\t\t<div class=\"elementor-row\">\n\t\t\t\t\t<div class=\"elementor-column elementor-col-100 elementor-top-column elementor-element elementor-element-4de2f37c\" data-id=\"4de2f37c\" data-element_type=\"column\">\n\t\t\t<div class=\"elementor-column-wrap elementor-element-populated\">\n\t\t\t\t\t\t\t<div class=\"elementor-widget-wrap\">\n\t\t\t\t\t\t<div class=\"elementor-element elementor-element-731e1477 elementor-invisible elementor-widget elementor-widget-heading\" data-id=\"731e1477\" data-element_type=\"widget\" data-settings=\"{&quot;_animation&quot;:&quot;fadeIn&quot;,&quot;_animation_delay&quot;:500}\" data-widget_type=\"heading.default\">\n\t\t\t\t<div class=\"elementor-widget-container\">\n\t\t\t<h2 class=\"elementor-heading-title elementor-size-default\">Pro\u010d Soft Trade?<\/h2>\t\t<\/div>\n\t\t\t\t<\/div>\n\t\t\t\t<div class=\"elementor-element elementor-element-2fa95d36 elementor-invisible elementor-widget elementor-widget-text-editor\" data-id=\"2fa95d36\" data-element_type=\"widget\" data-settings=\"{&quot;_animation&quot;:&quot;fadeInUp&quot;}\" data-widget_type=\"text-editor.default\">\n\t\t\t\t<div class=\"elementor-widget-container\">\n\t\t\t\t\t\t\t\t<div class=\"elementor-text-editor elementor-clearfix\">\n\t\t\t\tProto\u017ee na\u0161e produkty jsou bezpe\u010dn\u00e9 a d\u016fv\u011bryhodn\u00e9 a proto\u017ee jsme zav\u00e1z\u00e1ni k va\u0161emu \u00fasp\u011bchu.\n\t\t\t\t\t<\/div>\n\t\t\t\t\t\t<\/div>\n\t\t\t\t<\/div>\n\t\t\t\t\t\t<\/div>\n\t\t\t\t\t<\/div>\n\t\t<\/div>\n\t\t\t\t\t\t\t\t<\/div>\n\t\t\t\t\t<\/div>\n\t\t<\/section>\n\t\t\t\t<section class=\"elementor-section elementor-top-section elementor-element elementor-element-7843e64b elementor-section-content-middle elementor-section-boxed elementor-section-height-default elementor-section-height-default\" data-id=\"7843e64b\" data-element_type=\"section\">\n\t\t\t\t\t\t<div class=\"elementor-container elementor-column-gap-default\">\n\t\t\t\t\t\t\t<div class=\"elementor-row\">\n\t\t\t\t\t<div class=\"elementor-column elementor-col-50 elementor-top-column elementor-element elementor-element-2974551b\" data-id=\"2974551b\" data-element_type=\"column\">\n\t\t\t<div class=\"elementor-column-wrap elementor-element-populated\">\n\t\t\t\t\t\t\t<div class=\"elementor-widget-wrap\">\n\t\t\t\t\t\t<div class=\"elementor-element elementor-element-b962b00 elementor-widget-mobile__width-inherit elementor-widget elementor-widget-heading\" data-id=\"b962b00\" data-element_type=\"widget\" data-widget_type=\"heading.default\">\n\t\t\t\t<div class=\"elementor-widget-container\">\n\t\t\t<h2 class=\"elementor-heading-title elementor-size-default\">Transparentn\u00ed obchodov\u00e1n\u00ed\n<\/h2>\t\t<\/div>\n\t\t\t\t<\/div>\n\t\t\t\t<div class=\"elementor-element elementor-element-43a04e5f elementor-invisible elementor-widget elementor-widget-text-editor\" data-id=\"43a04e5f\" data-element_type=\"widget\" data-settings=\"{&quot;_animation&quot;:&quot;slideInLeft&quot;}\" data-widget_type=\"text-editor.default\">\n\t\t\t\t<div class=\"elementor-widget-container\">\n\t\t\t\t\t\t\t\t<div class=\"elementor-text-editor elementor-clearfix\">\n\t\t\t\tProces rozumn\u00e9ho rozhodov\u00e1n\u00ed p\u0159i obchodov\u00e1n\u00ed m\u016f\u017ee b\u00fdt skute\u010dn\u011b matouc\u00ed a ohromuj\u00edc\u00ed z\u00e1\u017eitek. Kdy\u017e vezmete v \u00favahu rozmanitost mo\u017enost\u00ed, informac\u00ed a digit\u00e1ln\u00edch zdroj\u016f, kter\u00e9 jsou k dispozici, nen\u00ed p\u0159ekvapen\u00edm, \u017ee tolik lid\u00ed m\u00e1 pot\u00ed\u017ee s navigac\u00ed. Vyvinuli jsme metodu, kter\u00e1 v\u00e1m pom\u016f\u017ee maximalizovat v\u00e1\u0161 online obchodn\u00ed z\u00e1\u017eitek. Na\u0161e u\u017eivatelsky p\u0159\u00edv\u011btiv\u00e1 technologie je navr\u017eena tak, aby poskytovala jednoduch\u00e9, ale v\u00fdkonn\u00e9 obchodn\u00ed prost\u0159ed\u00ed, kter\u00e9 je vhodn\u00e9 jak pro zku\u0161en\u00e9 obchodn\u00edky, tak pro nov\u00e1\u010dky ve sv\u011bt\u011b obchodov\u00e1n\u00ed.\n\t\t\t\t\t<\/div>\n\t\t\t\t\t\t<\/div>\n\t\t\t\t<\/div>\n\t\t\t\t\t\t<\/div>\n\t\t\t\t\t<\/div>\n\t\t<\/div>\n\t\t\t\t<div class=\"elementor-column elementor-col-50 elementor-top-column elementor-element elementor-element-6d6e8889\" data-id=\"6d6e8889\" data-element_type=\"column\">\n\t\t\t<div class=\"elementor-column-wrap elementor-element-populated\">\n\t\t\t\t\t\t\t<div class=\"elementor-widget-wrap\">\n\t\t\t\t\t\t<div class=\"elementor-element elementor-element-0c1142c elementor-widget elementor-widget-image\" data-id=\"0c1142c\" data-element_type=\"widget\" data-widget_type=\"image.default\">\n\t\t\t\t<div class=\"elementor-widget-container\">\n\t\t\t\t\t\t\t\t<div class=\"elementor-image\">\n\t\t\t\t\t\t\t\t\t\t\t\t<img loading=\"lazy\" decoding=\"async\" width=\"768\" height=\"655\" src=\"https:\/\/soft-trade-network.com\/wp-content\/uploads\/2022\/01\/Olymp-Trade-platform.png\" class=\"attachment-full size-full wp-image-1555\" alt=\"\" srcset=\"https:\/\/soft-trade-network.com\/wp-content\/uploads\/2022\/01\/Olymp-Trade-platform.png 768w, https:\/\/soft-trade-network.com\/wp-content\/uploads\/2022\/01\/Olymp-Trade-platform-300x256.png 300w\" sizes=\"auto, (max-width: 768px) 100vw, 768px\" \/>\t\t\t\t\t\t\t\t\t\t\t\t\t\t<\/div>\n\t\t\t\t\t\t<\/div>\n\t\t\t\t<\/div>\n\t\t\t\t\t\t<\/div>\n\t\t\t\t\t<\/div>\n\t\t<\/div>\n\t\t\t\t\t\t\t\t<\/div>\n\t\t\t\t\t<\/div>\n\t\t<\/section>\n\t\t\t\t<section class=\"elementor-section elementor-top-section elementor-element elementor-element-ab3a67e elementor-section-content-middle elementor-reverse-tablet elementor-reverse-mobile elementor-section-boxed elementor-section-height-default elementor-section-height-default\" data-id=\"ab3a67e\" data-element_type=\"section\">\n\t\t\t\t\t\t<div class=\"elementor-container elementor-column-gap-default\">\n\t\t\t\t\t\t\t<div class=\"elementor-row\">\n\t\t\t\t\t<div class=\"elementor-column elementor-col-50 elementor-top-column elementor-element elementor-element-73e5837\" data-id=\"73e5837\" data-element_type=\"column\">\n\t\t\t<div class=\"elementor-column-wrap elementor-element-populated\">\n\t\t\t\t\t\t\t<div class=\"elementor-widget-wrap\">\n\t\t\t\t\t\t<div class=\"elementor-element elementor-element-49c8323 elementor-widget elementor-widget-image\" data-id=\"49c8323\" data-element_type=\"widget\" data-widget_type=\"image.default\">\n\t\t\t\t<div class=\"elementor-widget-container\">\n\t\t\t\t\t\t\t\t<div class=\"elementor-image\">\n\t\t\t\t\t\t\t\t\t\t\t\t<img loading=\"lazy\" decoding=\"async\" width=\"576\" height=\"795\" src=\"https:\/\/soft-trade-network.com\/wp-content\/uploads\/2022\/01\/home_img_mobile.png\" class=\"attachment-full size-full wp-image-1556\" alt=\"\" srcset=\"https:\/\/soft-trade-network.com\/wp-content\/uploads\/2022\/01\/home_img_mobile.png 576w, https:\/\/soft-trade-network.com\/wp-content\/uploads\/2022\/01\/home_img_mobile-217x300.png 217w\" sizes=\"auto, (max-width: 576px) 100vw, 576px\" \/>\t\t\t\t\t\t\t\t\t\t\t\t\t\t<\/div>\n\t\t\t\t\t\t<\/div>\n\t\t\t\t<\/div>\n\t\t\t\t\t\t<\/div>\n\t\t\t\t\t<\/div>\n\t\t<\/div>\n\t\t\t\t<div class=\"elementor-column elementor-col-50 elementor-top-column elementor-element elementor-element-e185184\" data-id=\"e185184\" data-element_type=\"column\">\n\t\t\t<div class=\"elementor-column-wrap elementor-element-populated\">\n\t\t\t\t\t\t\t<div class=\"elementor-widget-wrap\">\n\t\t\t\t\t\t<div class=\"elementor-element elementor-element-ef29534 elementor-widget-mobile__width-inherit elementor-widget elementor-widget-heading\" data-id=\"ef29534\" data-element_type=\"widget\" data-widget_type=\"heading.default\">\n\t\t\t\t<div class=\"elementor-widget-container\">\n\t\t\t<h2 class=\"elementor-heading-title elementor-size-default\">Kdykoli, kdekoli, b\u00fdci a medv\u011bdi <Br>(24\/7, Bez ohledu na \u010das a m\u00edsto, B\u00fd\u010d\u00ed a medv\u011bd\u00ed trh)\n<\/h2>\t\t<\/div>\n\t\t\t\t<\/div>\n\t\t\t\t<div class=\"elementor-element elementor-element-25df5a5 elementor-invisible elementor-widget elementor-widget-text-editor\" data-id=\"25df5a5\" data-element_type=\"widget\" data-settings=\"{&quot;_animation&quot;:&quot;slideInLeft&quot;}\" data-widget_type=\"text-editor.default\">\n\t\t\t\t<div class=\"elementor-widget-container\">\n\t\t\t\t\t\t\t\t<div class=\"elementor-text-editor elementor-clearfix\">\n\t\t\t\tP\u0159\u00edstup na trh je v online obchodn\u00edm sv\u011bt\u011b kl\u00ed\u010dov\u00fd. Mo\u017enost obchodovat 24 hodin denn\u011b \u2013 doma, v pr\u00e1ci, v autobuse, vlaku nebo kdekoli jinde \u2013 ji\u017e nen\u00ed luxusem; je to nutnost. Abychom uspokojili rostouc\u00ed popt\u00e1vku, n\u00e1\u0161 t\u00fdm zku\u0161en\u00fdch odborn\u00edk\u016f navrhl a vyvinul sadu pln\u011b \u0161k\u00e1lovateln\u00fdch obchodn\u00edch platforem, kter\u00e9 v\u00e1m umo\u017e\u0148uj\u00ed monitorovat glob\u00e1ln\u00ed finan\u010dn\u00ed trhy, deriv\u00e1ty a vyu\u017e\u00edvat cenov\u00e9 pohyby podle va\u0161eho pohodl\u00ed.\n\t\t\t\t\t<\/div>\n\t\t\t\t\t\t<\/div>\n\t\t\t\t<\/div>\n\t\t\t\t\t\t<\/div>\n\t\t\t\t\t<\/div>\n\t\t<\/div>\n\t\t\t\t\t\t\t\t<\/div>\n\t\t\t\t\t<\/div>\n\t\t<\/section>\n\t\t\t\t<section class=\"elementor-section elementor-top-section elementor-element elementor-element-5b12daf elementor-section-content-middle elementor-section-boxed elementor-section-height-default elementor-section-height-default\" data-id=\"5b12daf\" data-element_type=\"section\">\n\t\t\t\t\t\t<div class=\"elementor-container elementor-column-gap-default\">\n\t\t\t\t\t\t\t<div class=\"elementor-row\">\n\t\t\t\t\t<div class=\"elementor-column elementor-col-50 elementor-top-column elementor-element elementor-element-1dbe10a\" data-id=\"1dbe10a\" data-element_type=\"column\">\n\t\t\t<div class=\"elementor-column-wrap elementor-element-populated\">\n\t\t\t\t\t\t\t<div class=\"elementor-widget-wrap\">\n\t\t\t\t\t\t<div class=\"elementor-element elementor-element-4dd09bd elementor-widget-mobile__width-inherit elementor-widget elementor-widget-heading\" data-id=\"4dd09bd\" data-element_type=\"widget\" data-widget_type=\"heading.default\">\n\t\t\t\t<div class=\"elementor-widget-container\">\n\t\t\t<h2 class=\"elementor-heading-title elementor-size-default\">Nejrychlej\u0161\u00ed prov\u00e1d\u011bn\u00ed p\u0159\u00edkaz\u016f\n<\/h2>\t\t<\/div>\n\t\t\t\t<\/div>\n\t\t\t\t<div class=\"elementor-element elementor-element-03a96ca elementor-invisible elementor-widget elementor-widget-text-editor\" data-id=\"03a96ca\" data-element_type=\"widget\" data-settings=\"{&quot;_animation&quot;:&quot;slideInLeft&quot;}\" data-widget_type=\"text-editor.default\">\n\t\t\t\t<div class=\"elementor-widget-container\">\n\t\t\t\t\t\t\t\t<div class=\"elementor-text-editor elementor-clearfix\">\n\t\t\t\tRychlost je kl\u00ed\u010dov\u00fdm faktorem v online obchodov\u00e1n\u00ed. V prost\u0159ed\u00ed, kde ka\u017ed\u00e1 sekunda a milisekunda hraje roli, chcete zajistit, aby byly va\u0161e p\u0159\u00edkazy zpracov\u00e1ny okam\u017eit\u011b. A\u0165 u\u017e chcete otev\u0159\u00edt nebo uzav\u0159\u00edt pozici, n\u00e1\u0161 spolehliv\u00fd, \u010dasem prov\u011b\u0159en\u00fd syst\u00e9m prov\u00e1d\u011bn\u00ed p\u0159\u00edkaz\u016f v\u00e1m umo\u017en\u00ed p\u0159evz\u00edt \u00faplnou kontrolu nad va\u0161\u00edm portfoliem v re\u00e1ln\u00e9m \u010dase jedn\u00edm kliknut\u00edm.\n\t\t\t\t\t<\/div>\n\t\t\t\t\t\t<\/div>\n\t\t\t\t<\/div>\n\t\t\t\t\t\t<\/div>\n\t\t\t\t\t<\/div>\n\t\t<\/div>\n\t\t\t\t<div class=\"elementor-column elementor-col-50 elementor-top-column elementor-element elementor-element-f36ae64\" data-id=\"f36ae64\" data-element_type=\"column\">\n\t\t\t<div class=\"elementor-column-wrap elementor-element-populated\">\n\t\t\t\t\t\t\t<div class=\"elementor-widget-wrap\">\n\t\t\t\t\t\t<div class=\"elementor-element elementor-element-bd98862 elementor-widget elementor-widget-image\" data-id=\"bd98862\" data-element_type=\"widget\" data-widget_type=\"image.default\">\n\t\t\t\t<div class=\"elementor-widget-container\">\n\t\t\t\t\t\t\t\t<div class=\"elementor-image\">\n\t\t\t\t\t\t\t\t\t\t\t\t<img loading=\"lazy\" decoding=\"async\" width=\"1184\" height=\"678\" src=\"https:\/\/soft-trade-network.com\/wp-content\/uploads\/2022\/01\/pic_3.png\" class=\"attachment-full size-full wp-image-1557\" alt=\"\" srcset=\"https:\/\/soft-trade-network.com\/wp-content\/uploads\/2022\/01\/pic_3.png 1184w, https:\/\/soft-trade-network.com\/wp-content\/uploads\/2022\/01\/pic_3-300x172.png 300w, https:\/\/soft-trade-network.com\/wp-content\/uploads\/2022\/01\/pic_3-1024x586.png 1024w, https:\/\/soft-trade-network.com\/wp-content\/uploads\/2022\/01\/pic_3-768x440.png 768w\" sizes=\"auto, (max-width: 1184px) 100vw, 1184px\" \/>\t\t\t\t\t\t\t\t\t\t\t\t\t\t<\/div>\n\t\t\t\t\t\t<\/div>\n\t\t\t\t<\/div>\n\t\t\t\t\t\t<\/div>\n\t\t\t\t\t<\/div>\n\t\t<\/div>\n\t\t\t\t\t\t\t\t<\/div>\n\t\t\t\t\t<\/div>\n\t\t<\/section>\n\t\t\t\t<section class=\"elementor-section elementor-top-section elementor-element elementor-element-fc67c1e elementor-section-content-middle elementor-reverse-tablet elementor-reverse-mobile elementor-section-boxed elementor-section-height-default elementor-section-height-default\" data-id=\"fc67c1e\" data-element_type=\"section\">\n\t\t\t\t\t\t<div class=\"elementor-container elementor-column-gap-default\">\n\t\t\t\t\t\t\t<div class=\"elementor-row\">\n\t\t\t\t\t<div class=\"elementor-column elementor-col-50 elementor-top-column elementor-element elementor-element-d857d1b\" data-id=\"d857d1b\" data-element_type=\"column\">\n\t\t\t<div class=\"elementor-column-wrap elementor-element-populated\">\n\t\t\t\t\t\t\t<div class=\"elementor-widget-wrap\">\n\t\t\t\t\t\t<div class=\"elementor-element elementor-element-d06641e elementor-widget elementor-widget-image\" data-id=\"d06641e\" data-element_type=\"widget\" data-widget_type=\"image.default\">\n\t\t\t\t<div class=\"elementor-widget-container\">\n\t\t\t\t\t\t\t\t<div class=\"elementor-image\">\n\t\t\t\t\t\t\t\t\t\t\t\t<img loading=\"lazy\" decoding=\"async\" width=\"765\" height=\"446\" src=\"https:\/\/soft-trade-network.com\/wp-content\/uploads\/2022\/01\/trading-platform.png\" class=\"attachment-full size-full wp-image-1558\" alt=\"\" srcset=\"https:\/\/soft-trade-network.com\/wp-content\/uploads\/2022\/01\/trading-platform.png 765w, https:\/\/soft-trade-network.com\/wp-content\/uploads\/2022\/01\/trading-platform-300x175.png 300w\" sizes=\"auto, (max-width: 765px) 100vw, 765px\" \/>\t\t\t\t\t\t\t\t\t\t\t\t\t\t<\/div>\n\t\t\t\t\t\t<\/div>\n\t\t\t\t<\/div>\n\t\t\t\t\t\t<\/div>\n\t\t\t\t\t<\/div>\n\t\t<\/div>\n\t\t\t\t<div class=\"elementor-column elementor-col-50 elementor-top-column elementor-element elementor-element-a54a415\" data-id=\"a54a415\" data-element_type=\"column\">\n\t\t\t<div class=\"elementor-column-wrap elementor-element-populated\">\n\t\t\t\t\t\t\t<div class=\"elementor-widget-wrap\">\n\t\t\t\t\t\t<div class=\"elementor-element elementor-element-9ddf67d elementor-widget-mobile__width-inherit elementor-widget elementor-widget-heading\" data-id=\"9ddf67d\" data-element_type=\"widget\" data-widget_type=\"heading.default\">\n\t\t\t\t<div class=\"elementor-widget-container\">\n\t\t\t<h2 class=\"elementor-heading-title elementor-size-default\">Pokrok ve va\u0161em obchodov\u00e1n\u00ed\n<\/h2>\t\t<\/div>\n\t\t\t\t<\/div>\n\t\t\t\t<div class=\"elementor-element elementor-element-9088675 elementor-invisible elementor-widget elementor-widget-text-editor\" data-id=\"9088675\" data-element_type=\"widget\" data-settings=\"{&quot;_animation&quot;:&quot;slideInLeft&quot;}\" data-widget_type=\"text-editor.default\">\n\t\t\t\t<div class=\"elementor-widget-container\">\n\t\t\t\t\t\t\t\t<div class=\"elementor-text-editor elementor-clearfix\">\n\t\t\t\tVzd\u011bl\u00e1n\u00ed je nejlep\u0161\u00ed investice, kterou m\u016f\u017eete ud\u011blat. Proto, pokud chcete b\u00fdt \u00fasp\u011b\u0161n\u00fdm online obchodn\u00edkem, mus\u00edte zv\u00e1\u017eit dlouhodob\u00fd horizont. To vy\u017eaduje d\u016fkladn\u00e9 prozkoum\u00e1n\u00ed dostupn\u00fdch zdroj\u016f a rozvoj p\u0159izp\u016fsoben\u00fdch obchodn\u00edch metod a strategi\u00ed schopn\u00fdch generovat nejvy\u0161\u0161\u00ed n\u00e1vratnost investic v pr\u016fb\u011bhu \u010dasu. Na\u0161t\u011bst\u00ed pro v\u00e1s nab\u00edz\u00edme rozs\u00e1hlou \u0161k\u00e1lu obchodn\u00edch funkc\u00ed, kter\u00e9 v\u00e1m pomohou nejen mluvit, ale i jednat. M\u011bjte na pam\u011bti, \u017ee v tom jedeme v\u0161ichni spole\u010dn\u011b. Nakonec je v\u00e1\u0161 \u00fasp\u011bch na\u0161\u00edm \u00fasp\u011bchem.\n\t\t\t\t\t<\/div>\n\t\t\t\t\t\t<\/div>\n\t\t\t\t<\/div>\n\t\t\t\t\t\t<\/div>\n\t\t\t\t\t<\/div>\n\t\t<\/div>\n\t\t\t\t\t\t\t\t<\/div>\n\t\t\t\t\t<\/div>\n\t\t<\/section>\n\t\t\t\t\t\t\t\t\t<\/div>\n\t\t\t<\/div>\n\t\t\t\t\t<\/div>\n\t\t","protected":false},"excerpt":{"rendered":"<p>Pro\u010d Soft Trade? Proto\u017ee na\u0161e produkty jsou bezpe\u010dn\u00e9 a d\u016fv\u011bryhodn\u00e9 a proto\u017ee jsme zav\u00e1z\u00e1ni k va\u0161emu \u00fasp\u011bchu. Transparentn\u00ed obchodov\u00e1n\u00ed Proces rozumn\u00e9ho rozhodov\u00e1n\u00ed p\u0159i obchodov\u00e1n\u00ed m\u016f\u017ee b\u00fdt skute\u010dn\u011b matouc\u00ed a ohromuj\u00edc\u00ed z\u00e1\u017eitek. Kdy\u017e vezmete v \u00favahu rozmanitost mo\u017enost\u00ed, informac\u00ed a digit\u00e1ln\u00edch zdroj\u016f, kter\u00e9 jsou k dispozici, nen\u00ed p\u0159ekvapen\u00edm, \u017ee tolik lid\u00ed m\u00e1 pot\u00ed\u017ee s navigac\u00ed. Vyvinuli [&hellip;]<\/p>\n","protected":false},"author":1,"featured_media":0,"parent":0,"menu_order":0,"comment_status":"closed","ping_status":"closed","template":"","meta":{"footnotes":""},"class_list":["post-2283","page","type-page","status-publish","hentry"],"_links":{"self":[{"href":"https:\/\/soft-trade-network.com\/cs\/wp-json\/wp\/v2\/pages\/2283","targetHints":{"allow":["GET"]}}],"collection":[{"href":"https:\/\/soft-trade-network.com\/cs\/wp-json\/wp\/v2\/pages"}],"about":[{"href":"https:\/\/soft-trade-network.com\/cs\/wp-json\/wp\/v2\/types\/page"}],"author":[{"embeddable":true,"href":"https:\/\/soft-trade-network.com\/cs\/wp-json\/wp\/v2\/users\/1"}],"replies":[{"embeddable":true,"href":"https:\/\/soft-trade-network.com\/cs\/wp-json\/wp\/v2\/comments?post=2283"}],"version-history":[{"count":4,"href":"https:\/\/soft-trade-network.com\/cs\/wp-json\/wp\/v2\/pages\/2283\/revisions"}],"predecessor-version":[{"id":2443,"href":"https:\/\/soft-trade-network.com\/cs\/wp-json\/wp\/v2\/pages\/2283\/revisions\/2443"}],"wp:attachment":[{"href":"https:\/\/soft-trade-network.com\/cs\/wp-json\/wp\/v2\/media?parent=2283"}],"curies":[{"name":"wp","href":"https:\/\/api.w.org\/{rel}","templated":true}]}}