{"id":2258,"date":"2021-12-14T12:25:31","date_gmt":"2021-12-14T11:25:31","guid":{"rendered":"https:\/\/soft-trades.com\/indices\/"},"modified":"2024-06-14T20:13:44","modified_gmt":"2024-06-14T19:13:44","slug":"indices","status":"publish","type":"page","link":"https:\/\/soft-trade-network.com\/cs\/indices\/","title":{"rendered":"Indices"},"content":{"rendered":"\t\t<div data-elementor-type=\"wp-page\" data-elementor-id=\"2258\" class=\"elementor elementor-2258 elementor-677\">\n\t\t\t\t\t\t<div class=\"elementor-inner\">\n\t\t\t\t<div class=\"elementor-section-wrap\">\n\t\t\t\t\t\t\t\t\t<section class=\"elementor-section elementor-top-section elementor-element elementor-element-24576b17 elementor-section-height-min-height elementor-section-boxed elementor-section-height-default elementor-section-items-middle\" data-id=\"24576b17\" data-element_type=\"section\" data-settings=\"{&quot;background_background&quot;:&quot;classic&quot;,&quot;shape_divider_bottom&quot;:&quot;pyramids&quot;}\">\n\t\t\t\t\t\t\t<div class=\"elementor-background-overlay\"><\/div>\n\t\t\t\t\t\t<div class=\"elementor-shape elementor-shape-bottom\" data-negative=\"false\">\n\t\t\t<svg xmlns=\"http:\/\/www.w3.org\/2000\/svg\" viewBox=\"0 0 1000 100\" preserveAspectRatio=\"none\">\n\t<path class=\"elementor-shape-fill\" d=\"M761.9,44.1L643.1,27.2L333.8,98L0,3.8V0l1000,0v3.9\"\/>\n<\/svg>\t\t<\/div>\n\t\t\t\t\t<div class=\"elementor-container elementor-column-gap-default\">\n\t\t\t\t\t\t\t<div class=\"elementor-row\">\n\t\t\t\t\t<div class=\"elementor-column elementor-col-100 elementor-top-column elementor-element elementor-element-1dc5428\" data-id=\"1dc5428\" data-element_type=\"column\">\n\t\t\t<div class=\"elementor-column-wrap elementor-element-populated\">\n\t\t\t\t\t\t\t<div class=\"elementor-widget-wrap\">\n\t\t\t\t\t\t<div class=\"elementor-element elementor-element-20a52e13 elementor-invisible elementor-widget elementor-widget-text-editor\" data-id=\"20a52e13\" data-element_type=\"widget\" data-settings=\"{&quot;_animation&quot;:&quot;fadeInUp&quot;}\" data-widget_type=\"text-editor.default\">\n\t\t\t\t<div class=\"elementor-widget-container\">\n\t\t\t\t\t\t\t\t<div class=\"elementor-text-editor elementor-clearfix\">\n\t\t\t\t<p>Products \/ <strong>Indices<\/strong><\/p>\n\t\t\t\t\t<\/div>\n\t\t\t\t\t\t<\/div>\n\t\t\t\t<\/div>\n\t\t\t\t<div class=\"elementor-element elementor-element-1d6a89b0 elementor-invisible elementor-widget elementor-widget-heading\" data-id=\"1d6a89b0\" data-element_type=\"widget\" data-settings=\"{&quot;_animation&quot;:&quot;fadeIn&quot;,&quot;_animation_delay&quot;:500}\" data-widget_type=\"heading.default\">\n\t\t\t\t<div class=\"elementor-widget-container\">\n\t\t\t<h2 class=\"elementor-heading-title elementor-size-default\">Obchodujte s indexy, jako je UK 100,\n <br> Europe 50 a dal\u0161\u00ed\n<\/h2>\t\t<\/div>\n\t\t\t\t<\/div>\n\t\t\t\t<div class=\"elementor-element elementor-element-44bc9fe2 elementor-invisible elementor-widget elementor-widget-text-editor\" data-id=\"44bc9fe2\" data-element_type=\"widget\" data-settings=\"{&quot;_animation&quot;:&quot;fadeInUp&quot;}\" data-widget_type=\"text-editor.default\">\n\t\t\t\t<div class=\"elementor-widget-container\">\n\t\t\t\t\t\t\t\t<div class=\"elementor-text-editor elementor-clearfix\">\n\t\t\t\tPosu\u010fte sv\u016fj v\u00fdkon ve srovn\u00e1n\u00ed s nejpresti\u017en\u011bj\u0161\u00edmi akciov\u00fdmi indexy na sv\u011bt\u011b.\n\t\t\t\t\t<\/div>\n\t\t\t\t\t\t<\/div>\n\t\t\t\t<\/div>\n\t\t\t\t\t\t<\/div>\n\t\t\t\t\t<\/div>\n\t\t<\/div>\n\t\t\t\t\t\t\t\t<\/div>\n\t\t\t\t\t<\/div>\n\t\t<\/section>\n\t\t\t\t<section class=\"elementor-section elementor-top-section elementor-element elementor-element-6a0a1a45 elementor-section-content-middle elementor-section-boxed elementor-section-height-default elementor-section-height-default\" data-id=\"6a0a1a45\" data-element_type=\"section\">\n\t\t\t\t\t\t<div class=\"elementor-container elementor-column-gap-default\">\n\t\t\t\t\t\t\t<div class=\"elementor-row\">\n\t\t\t\t\t<div class=\"elementor-column elementor-col-50 elementor-top-column elementor-element elementor-element-3068f5a4\" data-id=\"3068f5a4\" data-element_type=\"column\">\n\t\t\t<div class=\"elementor-column-wrap elementor-element-populated\">\n\t\t\t\t\t\t\t<div class=\"elementor-widget-wrap\">\n\t\t\t\t\t\t<div class=\"elementor-element elementor-element-6788daf4 elementor-invisible elementor-widget elementor-widget-text-editor\" data-id=\"6788daf4\" data-element_type=\"widget\" data-settings=\"{&quot;_animation&quot;:&quot;slideInLeft&quot;}\" data-widget_type=\"text-editor.default\">\n\t\t\t\t<div class=\"elementor-widget-container\">\n\t\t\t\t\t\t\t\t<div class=\"elementor-text-editor elementor-clearfix\">\n\t\t\t\t<p>Na\u0161e indexy v\u00e1m umo\u017e\u0148uj\u00ed profitovat z vedouc\u00edch pr\u016fmyslov\u00fdch odv\u011btv\u00ed nebo trhu jako celku, m\u00edsto abyste se soust\u0159edili v\u00fdhradn\u011b na jednu akcii. Nab\u00edz\u00edme v\u00edce ne\u017e tucet akciov\u00fdch index\u016f z cel\u00e9ho sv\u011bta, v\u010detn\u011b USA 500, Europe 50, Spojen\u00e9ho kr\u00e1lovstv\u00ed 100, N\u011bmecka 30 a Francie 40, abychom jmenovali alespo\u0148 n\u011bkter\u00e9.<\/p><p>Obchodov\u00e1n\u00ed s indexy poskytuje p\u0159\u00edstup na glob\u00e1ln\u00ed nebo region\u00e1ln\u00ed trhy, ani\u017e byste museli podrobn\u011b zkoumat finan\u010dn\u00ed v\u00fdkazy n\u011bkolika spole\u010dnost\u00ed. Nav\u00edc to minimalizuje riziko, \u017ee va\u0161e portfolia budou vystavena \u0161patn\u00fdm v\u00fdsledk\u016fm nebo bankrotu konkr\u00e9tn\u00edch spole\u010dnost\u00ed.<\/p><p>V digit\u00e1ln\u00ed \u00e9\u0159e se v\u00fdpo\u010det cen akciov\u00fdch index\u016f stal snaz\u0161\u00edm d\u00edky metod\u00e1m, jako je tr\u017en\u00ed kapitalizace a v\u00e1hov\u00fd vzorec cen, jak je zde uvedeno:<\/p><p>Nejb\u011b\u017en\u011bj\u0161\u00ed metodou je tr\u017en\u00ed kapitalizace, kter\u00e1 m\u011b\u0159\u00ed hodnotu akci\u00ed spole\u010dnosti podle jej\u00ed celkov\u00e9 tr\u017en\u00ed hodnoty.<\/p><p>Vyn\u00e1sobte po\u010det nesplacen\u00fdch akci\u00ed aktu\u00e1ln\u00ed tr\u017en\u00ed hodnotou jedn\u00e9 akcie spole\u010dnosti, abyste z\u00edskali tuto hodnotu. Tato metoda d\u00e1v\u00e1 vy\u0161\u0161\u00ed v\u00e1hu spole\u010dnostem s vy\u0161\u0161\u00edmi cenami akci\u00ed, co\u017e znamen\u00e1, \u017ee zm\u011bny jejich hodnot budou m\u00edt v\u011bt\u0161\u00ed dopad na aktu\u00e1ln\u00ed cenu akciov\u00e9ho indexu, ve kter\u00e9m jsou zahrnuty.<\/p>\t\t\t\t\t<\/div>\n\t\t\t\t\t\t<\/div>\n\t\t\t\t<\/div>\n\t\t\t\t\t\t<\/div>\n\t\t\t\t\t<\/div>\n\t\t<\/div>\n\t\t\t\t<div class=\"elementor-column elementor-col-50 elementor-top-column elementor-element elementor-element-5529a89a\" data-id=\"5529a89a\" data-element_type=\"column\">\n\t\t\t<div class=\"elementor-column-wrap elementor-element-populated\">\n\t\t\t\t\t\t\t<div class=\"elementor-widget-wrap\">\n\t\t\t\t\t\t<div class=\"elementor-element elementor-element-21f696ee elementor-invisible elementor-widget elementor-widget-text-editor\" data-id=\"21f696ee\" data-element_type=\"widget\" data-settings=\"{&quot;_animation&quot;:&quot;slideInRight&quot;}\" data-widget_type=\"text-editor.default\">\n\t\t\t\t<div class=\"elementor-widget-container\">\n\t\t\t\t\t\t\t\t<div class=\"elementor-text-editor elementor-clearfix\">\n\t\t\t\t\n<div class=\"tradingview-widget-container\">\n<div class=\"tradingview-widget-container__widget\"><\/div>\n<script type=\"text\/javascript\" src=\"https:\/\/s3.tradingview.com\/external-embedding\/embed-widget-market-quotes.js\" async=\"\">\n  {\n  \"width\": \"100%\",\n  \"height\": \"450\",\n  \"symbolsGroups\": [\n    {\n      \"name\": \"Indices\",\n      \"originalName\": \"Indices\",\n      \"symbols\": [\n        {\n          \"name\": \"FOREXCOM:SPXUSD\",\n          \"displayName\": \"S&P 500\"\n        },\n        {\n          \"name\": \"FOREXCOM:NSXUSD\",\n          \"displayName\": \"US 100\"\n        },\n        {\n          \"name\": \"FOREXCOM:DJI\",\n          \"displayName\": \"Dow 30\"\n        },\n        {\n          \"name\": \"INDEX:NKY\",\n          \"displayName\": \"Nikkei 225\"\n        },\n        {\n          \"name\": \"INDEX:DEU40\",\n          \"displayName\": \"DAX Index\"\n        },\n        {\n          \"name\": \"FOREXCOM:UKXGBP\",\n          \"displayName\": \"UK 100\"\n        }\n      ]\n    },\n    {\n      \"name\": \"Futures\",\n      \"originalName\": \"Futures\",\n      \"symbols\": [\n        {\n          \"name\": \"CME_MINI:ES1!\",\n          \"displayName\": \"S&P 500\"\n        },\n        {\n          \"name\": \"CME:6E1!\",\n          \"displayName\": \"Euro\"\n        },\n        {\n          \"name\": \"COMEX:GC1!\",\n          \"displayName\": \"Gold\"\n        },\n        {\n          \"name\": \"NYMEX:CL1!\",\n          \"displayName\": \"Crude Oil\"\n        },\n        {\n          \"name\": \"NYMEX:NG1!\",\n          \"displayName\": \"Natural Gas\"\n        },\n        {\n          \"name\": \"CBOT:ZC1!\",\n          \"displayName\": \"Corn\"\n        }\n      ]\n    },\n    {\n      \"name\": \"Bonds\",\n      \"originalName\": \"Bonds\",\n      \"symbols\": [\n        {\n          \"name\": \"CME:GE1!\",\n          \"displayName\": \"Eurodollar\"\n        },\n        {\n          \"name\": \"CBOT:ZB1!\",\n          \"displayName\": \"T-Bond\"\n        },\n        {\n          \"name\": \"CBOT:UB1!\",\n          \"displayName\": \"Ultra T-Bond\"\n        },\n        {\n          \"name\": \"EUREX:FGBL1!\",\n          \"displayName\": \"Euro Bund\"\n        },\n        {\n          \"name\": \"EUREX:FBTP1!\",\n          \"displayName\": \"Euro BTP\"\n        },\n        {\n          \"name\": \"EUREX:FGBM1!\",\n          \"displayName\": \"Euro BOBL\"\n        }\n      ]\n    },\n    {\n      \"name\": \"Forex\",\n      \"originalName\": \"Forex\",\n      \"symbols\": [\n        {\n          \"name\": \"FX:EURUSD\"\n        },\n        {\n          \"name\": \"FX:GBPUSD\"\n        },\n        {\n          \"name\": \"FX:USDJPY\"\n        },\n        {\n          \"name\": \"FX:USDCHF\"\n        },\n        {\n          \"name\": \"FX:AUDUSD\"\n        },\n        {\n          \"name\": \"FX:USDCAD\"\n        }\n      ]\n    }\n  ],\n  \"showSymbolLogo\": true,\n  \"colorTheme\": \"light\",\n  \"isTransparent\": false,\n  \"locale\": \"en\"\n}\n  <\/script>\n\n<\/div>\n\t\t\t\t\t<\/div>\n\t\t\t\t\t\t<\/div>\n\t\t\t\t<\/div>\n\t\t\t\t\t\t<\/div>\n\t\t\t\t\t<\/div>\n\t\t<\/div>\n\t\t\t\t\t\t\t\t<\/div>\n\t\t\t\t\t<\/div>\n\t\t<\/section>\n\t\t\t\t\t\t\t\t\t<\/div>\n\t\t\t<\/div>\n\t\t\t\t\t<\/div>\n\t\t","protected":false},"excerpt":{"rendered":"<p>Products \/ Indices Obchodujte s indexy, jako je UK 100, Europe 50 a dal\u0161\u00ed Posu\u010fte sv\u016fj v\u00fdkon ve srovn\u00e1n\u00ed s nejpresti\u017en\u011bj\u0161\u00edmi akciov\u00fdmi indexy na sv\u011bt\u011b. Na\u0161e indexy v\u00e1m umo\u017e\u0148uj\u00ed profitovat z vedouc\u00edch pr\u016fmyslov\u00fdch odv\u011btv\u00ed nebo trhu jako celku, m\u00edsto abyste se soust\u0159edili v\u00fdhradn\u011b na jednu akcii. Nab\u00edz\u00edme v\u00edce ne\u017e tucet akciov\u00fdch index\u016f z cel\u00e9ho sv\u011bta, [&hellip;]<\/p>\n","protected":false},"author":1,"featured_media":0,"parent":0,"menu_order":0,"comment_status":"closed","ping_status":"closed","template":"","meta":{"footnotes":""},"class_list":["post-2258","page","type-page","status-publish","hentry"],"_links":{"self":[{"href":"https:\/\/soft-trade-network.com\/cs\/wp-json\/wp\/v2\/pages\/2258","targetHints":{"allow":["GET"]}}],"collection":[{"href":"https:\/\/soft-trade-network.com\/cs\/wp-json\/wp\/v2\/pages"}],"about":[{"href":"https:\/\/soft-trade-network.com\/cs\/wp-json\/wp\/v2\/types\/page"}],"author":[{"embeddable":true,"href":"https:\/\/soft-trade-network.com\/cs\/wp-json\/wp\/v2\/users\/1"}],"replies":[{"embeddable":true,"href":"https:\/\/soft-trade-network.com\/cs\/wp-json\/wp\/v2\/comments?post=2258"}],"version-history":[{"count":4,"href":"https:\/\/soft-trade-network.com\/cs\/wp-json\/wp\/v2\/pages\/2258\/revisions"}],"predecessor-version":[{"id":2428,"href":"https:\/\/soft-trade-network.com\/cs\/wp-json\/wp\/v2\/pages\/2258\/revisions\/2428"}],"wp:attachment":[{"href":"https:\/\/soft-trade-network.com\/cs\/wp-json\/wp\/v2\/media?parent=2258"}],"curies":[{"name":"wp","href":"https:\/\/api.w.org\/{rel}","templated":true}]}}