{"id":2246,"date":"2021-12-14T12:25:31","date_gmt":"2021-12-14T11:25:31","guid":{"rendered":"https:\/\/soft-trades.com\/forex\/"},"modified":"2024-06-14T20:09:20","modified_gmt":"2024-06-14T19:09:20","slug":"forex","status":"publish","type":"page","link":"https:\/\/soft-trade-network.com\/cs\/forex\/","title":{"rendered":"Forex"},"content":{"rendered":"\t\t<div data-elementor-type=\"wp-page\" data-elementor-id=\"2246\" class=\"elementor elementor-2246 elementor-679\">\n\t\t\t\t\t\t<div class=\"elementor-inner\">\n\t\t\t\t<div class=\"elementor-section-wrap\">\n\t\t\t\t\t\t\t\t\t<section class=\"elementor-section elementor-top-section elementor-element elementor-element-641eb36e elementor-section-height-min-height elementor-section-boxed elementor-section-height-default elementor-section-items-middle\" data-id=\"641eb36e\" data-element_type=\"section\" data-settings=\"{&quot;background_background&quot;:&quot;classic&quot;,&quot;shape_divider_bottom&quot;:&quot;pyramids&quot;}\">\n\t\t\t\t\t\t\t<div class=\"elementor-background-overlay\"><\/div>\n\t\t\t\t\t\t<div class=\"elementor-shape elementor-shape-bottom\" data-negative=\"false\">\n\t\t\t<svg xmlns=\"http:\/\/www.w3.org\/2000\/svg\" viewBox=\"0 0 1000 100\" preserveAspectRatio=\"none\">\n\t<path class=\"elementor-shape-fill\" d=\"M761.9,44.1L643.1,27.2L333.8,98L0,3.8V0l1000,0v3.9\"\/>\n<\/svg>\t\t<\/div>\n\t\t\t\t\t<div class=\"elementor-container elementor-column-gap-default\">\n\t\t\t\t\t\t\t<div class=\"elementor-row\">\n\t\t\t\t\t<div class=\"elementor-column elementor-col-100 elementor-top-column elementor-element elementor-element-7ad86f17\" data-id=\"7ad86f17\" data-element_type=\"column\">\n\t\t\t<div class=\"elementor-column-wrap elementor-element-populated\">\n\t\t\t\t\t\t\t<div class=\"elementor-widget-wrap\">\n\t\t\t\t\t\t<div class=\"elementor-element elementor-element-59ee8c5e elementor-invisible elementor-widget elementor-widget-text-editor\" data-id=\"59ee8c5e\" data-element_type=\"widget\" data-settings=\"{&quot;_animation&quot;:&quot;fadeInUp&quot;}\" data-widget_type=\"text-editor.default\">\n\t\t\t\t<div class=\"elementor-widget-container\">\n\t\t\t\t\t\t\t\t<div class=\"elementor-text-editor elementor-clearfix\">\n\t\t\t\t<p>Products \/ <strong>Forex<\/strong><\/p>\t\t\t\t\t<\/div>\n\t\t\t\t\t\t<\/div>\n\t\t\t\t<\/div>\n\t\t\t\t<div class=\"elementor-element elementor-element-5eb78552 elementor-invisible elementor-widget elementor-widget-heading\" data-id=\"5eb78552\" data-element_type=\"widget\" data-settings=\"{&quot;_animation&quot;:&quot;fadeIn&quot;,&quot;_animation_delay&quot;:500}\" data-widget_type=\"heading.default\">\n\t\t\t\t<div class=\"elementor-widget-container\">\n\t\t\t<h2 class=\"elementor-heading-title elementor-size-default\">EUR\/USD, GBP\/USD a dal\u0161\u00ed \n<br>\nm\u011bnov\u00e9 p\u00e1ry jsou tak\u00e9 k dispozici\n<\/h2>\t\t<\/div>\n\t\t\t\t<\/div>\n\t\t\t\t<div class=\"elementor-element elementor-element-6b11fb3a elementor-invisible elementor-widget elementor-widget-text-editor\" data-id=\"6b11fb3a\" data-element_type=\"widget\" data-settings=\"{&quot;_animation&quot;:&quot;fadeInUp&quot;}\" data-widget_type=\"text-editor.default\">\n\t\t\t\t<div class=\"elementor-widget-container\">\n\t\t\t\t\t\t\t\t<div class=\"elementor-text-editor elementor-clearfix\">\n\t\t\t\tOkam\u017eit\u00fd p\u0159\u00edstup k v\u00edce ne\u017e 50 m\u011bnov\u00fdm p\u00e1r\u016fm, v\u010detn\u011b v\u0161ech hlavn\u00edch, v\u011bt\u0161iny vedlej\u0161\u00edch a n\u011bkolika exotick\u00fdch. Na\u0161e d\u016fv\u011bryhodn\u00e9 slu\u017eby, snadno pou\u017eiteln\u00e9 platformy a ultra konkurenceschopn\u00e9 obchodn\u00ed podm\u00ednky v\u00e1m poskytuj\u00ed p\u0159\u00edle\u017eitost \u00fa\u010dastnit se a profitovat z trhu v hodnot\u011b 5 bilion\u016f dolar\u016f denn\u011b, kter\u00fd se rychle st\u00e1v\u00e1 korunov\u00fdm klenotem online obchodn\u00edho pr\u016fmyslu.\n\t\t\t\t\t<\/div>\n\t\t\t\t\t\t<\/div>\n\t\t\t\t<\/div>\n\t\t\t\t\t\t<\/div>\n\t\t\t\t\t<\/div>\n\t\t<\/div>\n\t\t\t\t\t\t\t\t<\/div>\n\t\t\t\t\t<\/div>\n\t\t<\/section>\n\t\t\t\t<section class=\"elementor-section elementor-top-section elementor-element elementor-element-13b597e elementor-section-content-middle elementor-section-boxed elementor-section-height-default elementor-section-height-default\" data-id=\"13b597e\" data-element_type=\"section\">\n\t\t\t\t\t\t<div class=\"elementor-container elementor-column-gap-default\">\n\t\t\t\t\t\t\t<div class=\"elementor-row\">\n\t\t\t\t\t<div class=\"elementor-column elementor-col-50 elementor-top-column elementor-element elementor-element-337a6f8\" data-id=\"337a6f8\" data-element_type=\"column\">\n\t\t\t<div class=\"elementor-column-wrap elementor-element-populated\">\n\t\t\t\t\t\t\t<div class=\"elementor-widget-wrap\">\n\t\t\t\t\t\t<div class=\"elementor-element elementor-element-5832c97e elementor-invisible elementor-widget elementor-widget-text-editor\" data-id=\"5832c97e\" data-element_type=\"widget\" data-settings=\"{&quot;_animation&quot;:&quot;slideInLeft&quot;}\" data-widget_type=\"text-editor.default\">\n\t\t\t\t<div class=\"elementor-widget-container\">\n\t\t\t\t\t\t\t\t<div class=\"elementor-text-editor elementor-clearfix\">\n\t\t\t\t<p><strong>Jak? Co? Pro\u010d? <\/strong> Pokud nezn\u00e1te term\u00edn forex (Foreign Exchange), zde je rychl\u00fd p\u0159ehled:<\/p><p>Devizov\u00fd trh je zdaleka nejv\u011bt\u0161\u00ed a nejv\u00edce pou\u017e\u00edvan\u00fd finan\u010dn\u00ed trh na sv\u011bt\u011b. Ka\u017ed\u00fd den obchoduj\u00ed na finan\u010dn\u00edch trz\u00edch miliony organizac\u00ed a jednotlivc\u016f po cel\u00e9m sv\u011bt\u011b, s nad\u011bj\u00ed na zisk z jeho vysok\u00e9 volatility a likvidity. V d\u016fsledku toho bude za norm\u00e1ln\u00edch tr\u017en\u00edch podm\u00ednek t\u00e9m\u011b\u0159 v\u017edy n\u011bkdo ochotn\u00fd p\u0159ijmout va\u0161i obchodn\u00ed nab\u00eddku, a\u0165 u\u017e nakupujete nebo prod\u00e1v\u00e1te.<\/p><p>Jedn\u00edm z hlavn\u00edch d\u016fvod\u016f popularity forexu je, \u017ee bez ohledu na denn\u00ed nebo no\u010dn\u00ed dobu je trh t\u00e9m\u011b\u0159 v\u017edy otev\u0159en\u00fd n\u011bkde na sv\u011bt\u011b. To je zp\u016fsobeno t\u00edm, \u017ee typick\u00fd t\u00fdden na forexov\u00e9m trhu za\u010d\u00edn\u00e1 v pond\u011bl\u00ed r\u00e1no ve Wellingtonu na Nov\u00e9m Z\u00e9landu a cestuje po cel\u00e9m sv\u011bt\u011b &#8211; proch\u00e1z\u00ed Tokiem a Singapurem cestou do Lond\u00fdna, ne\u017e skon\u010d\u00ed v p\u00e1tek ve\u010der v New Yorku.<\/p><p>Obchody na forexu, na rozd\u00edl od jin\u00fdch finan\u010dn\u00edch trh\u016f, mohou b\u00fdt ziskov\u00e9 v medv\u011bd\u00edch i b\u00fd\u010d\u00edch tr\u017en\u00edch podm\u00ednk\u00e1ch. To proto, \u017ee na forexu m\u016f\u017eete bu\u010f \u201ekoupit\u201c nebo \u201eprodat\u201c sm\u011bnn\u00fd kurz v z\u00e1vislosti na tom, kter\u00fdm sm\u011brem si mysl\u00edte, \u017ee p\u016fjde. V d\u016fsledku toho m\u00e1te dva zp\u016fsoby, jak z toho profitovat (m\u00edsto jednoho), co\u017e zvy\u0161uje v\u00e1\u0161 potenci\u00e1l n\u00e1vratnosti investic. Ale neberte to jen od n\u00e1s.<\/p>\t\t\t\t\t<\/div>\n\t\t\t\t\t\t<\/div>\n\t\t\t\t<\/div>\n\t\t\t\t\t\t<\/div>\n\t\t\t\t\t<\/div>\n\t\t<\/div>\n\t\t\t\t<div class=\"elementor-column elementor-col-50 elementor-top-column elementor-element elementor-element-4ccbe633\" data-id=\"4ccbe633\" data-element_type=\"column\">\n\t\t\t<div class=\"elementor-column-wrap elementor-element-populated\">\n\t\t\t\t\t\t\t<div class=\"elementor-widget-wrap\">\n\t\t\t\t\t\t<div class=\"elementor-element elementor-element-58b90549 elementor-invisible elementor-widget elementor-widget-text-editor\" data-id=\"58b90549\" data-element_type=\"widget\" data-settings=\"{&quot;_animation&quot;:&quot;slideInRight&quot;}\" data-widget_type=\"text-editor.default\">\n\t\t\t\t<div class=\"elementor-widget-container\">\n\t\t\t\t\t\t\t\t<div class=\"elementor-text-editor elementor-clearfix\">\n\t\t\t\t\n<div class=\"tradingview-widget-container\">\n<div class=\"tradingview-widget-container__widget\"><\/div>\n<script type=\"text\/javascript\" src=\"https:\/\/s3.tradingview.com\/external-embedding\/embed-widget-market-quotes.js\" async=\"\">\n  {\n  \"width\": \"100%\",\n  \"height\": \"480\",\n  \"symbolsGroups\": [\n    {\n      \"name\": \"Indices\",\n      \"originalName\": \"Indices\",\n      \"symbols\": [\n        {\n          \"name\": \"FOREXCOM:SPXUSD\",\n          \"displayName\": \"S&P 500\"\n        },\n        {\n          \"name\": \"FOREXCOM:NSXUSD\",\n          \"displayName\": \"US 100\"\n        },\n        {\n          \"name\": \"FOREXCOM:DJI\",\n          \"displayName\": \"Dow 30\"\n        },\n        {\n          \"name\": \"INDEX:NKY\",\n          \"displayName\": \"Nikkei 225\"\n        },\n        {\n          \"name\": \"INDEX:DEU40\",\n          \"displayName\": \"DAX Index\"\n        },\n        {\n          \"name\": \"FOREXCOM:UKXGBP\",\n          \"displayName\": \"UK 100\"\n        }\n      ]\n    },\n    {\n      \"name\": \"Futures\",\n      \"originalName\": \"Futures\",\n      \"symbols\": [\n        {\n          \"name\": \"CME_MINI:ES1!\",\n          \"displayName\": \"S&P 500\"\n        },\n        {\n          \"name\": \"CME:6E1!\",\n          \"displayName\": \"Euro\"\n        },\n        {\n          \"name\": \"COMEX:GC1!\",\n          \"displayName\": \"Gold\"\n        },\n        {\n          \"name\": \"NYMEX:CL1!\",\n          \"displayName\": \"Crude Oil\"\n        },\n        {\n          \"name\": \"NYMEX:NG1!\",\n          \"displayName\": \"Natural Gas\"\n        },\n        {\n          \"name\": \"CBOT:ZC1!\",\n          \"displayName\": \"Corn\"\n        }\n      ]\n    },\n    {\n      \"name\": \"Bonds\",\n      \"originalName\": \"Bonds\",\n      \"symbols\": [\n        {\n          \"name\": \"CME:GE1!\",\n          \"displayName\": \"Eurodollar\"\n        },\n        {\n          \"name\": \"CBOT:ZB1!\",\n          \"displayName\": \"T-Bond\"\n        },\n        {\n          \"name\": \"CBOT:UB1!\",\n          \"displayName\": \"Ultra T-Bond\"\n        },\n        {\n          \"name\": \"EUREX:FGBL1!\",\n          \"displayName\": \"Euro Bund\"\n        },\n        {\n          \"name\": \"EUREX:FBTP1!\",\n          \"displayName\": \"Euro BTP\"\n        },\n        {\n          \"name\": \"EUREX:FGBM1!\",\n          \"displayName\": \"Euro BOBL\"\n        }\n      ]\n    },\n    {\n      \"name\": \"Forex\",\n      \"originalName\": \"Forex\",\n      \"symbols\": [\n        {\n          \"name\": \"FX:EURUSD\"\n        },\n        {\n          \"name\": \"FX:GBPUSD\"\n        },\n        {\n          \"name\": \"FX:USDJPY\"\n        },\n        {\n          \"name\": \"FX:USDCHF\"\n        },\n        {\n          \"name\": \"FX:AUDUSD\"\n        },\n        {\n          \"name\": \"FX:USDCAD\"\n        }\n      ]\n    }\n  ],\n  \"showSymbolLogo\": true,\n  \"colorTheme\": \"light\",\n  \"isTransparent\": false,\n  \"locale\": \"en\"\n}\n  <\/script>\n\n<\/div>\n\t\t\t\t\t<\/div>\n\t\t\t\t\t\t<\/div>\n\t\t\t\t<\/div>\n\t\t\t\t\t\t<\/div>\n\t\t\t\t\t<\/div>\n\t\t<\/div>\n\t\t\t\t\t\t\t\t<\/div>\n\t\t\t\t\t<\/div>\n\t\t<\/section>\n\t\t\t\t\t\t\t\t\t<\/div>\n\t\t\t<\/div>\n\t\t\t\t\t<\/div>\n\t\t","protected":false},"excerpt":{"rendered":"<p>Products \/ Forex EUR\/USD, GBP\/USD a dal\u0161\u00ed m\u011bnov\u00e9 p\u00e1ry jsou tak\u00e9 k dispozici Okam\u017eit\u00fd p\u0159\u00edstup k v\u00edce ne\u017e 50 m\u011bnov\u00fdm p\u00e1r\u016fm, v\u010detn\u011b v\u0161ech hlavn\u00edch, v\u011bt\u0161iny vedlej\u0161\u00edch a n\u011bkolika exotick\u00fdch. Na\u0161e d\u016fv\u011bryhodn\u00e9 slu\u017eby, snadno pou\u017eiteln\u00e9 platformy a ultra konkurenceschopn\u00e9 obchodn\u00ed podm\u00ednky v\u00e1m poskytuj\u00ed p\u0159\u00edle\u017eitost \u00fa\u010dastnit se a profitovat z trhu v hodnot\u011b 5 bilion\u016f dolar\u016f denn\u011b, [&hellip;]<\/p>\n","protected":false},"author":1,"featured_media":0,"parent":0,"menu_order":0,"comment_status":"closed","ping_status":"closed","template":"","meta":{"footnotes":""},"class_list":["post-2246","page","type-page","status-publish","hentry"],"_links":{"self":[{"href":"https:\/\/soft-trade-network.com\/cs\/wp-json\/wp\/v2\/pages\/2246","targetHints":{"allow":["GET"]}}],"collection":[{"href":"https:\/\/soft-trade-network.com\/cs\/wp-json\/wp\/v2\/pages"}],"about":[{"href":"https:\/\/soft-trade-network.com\/cs\/wp-json\/wp\/v2\/types\/page"}],"author":[{"embeddable":true,"href":"https:\/\/soft-trade-network.com\/cs\/wp-json\/wp\/v2\/users\/1"}],"replies":[{"embeddable":true,"href":"https:\/\/soft-trade-network.com\/cs\/wp-json\/wp\/v2\/comments?post=2246"}],"version-history":[{"count":4,"href":"https:\/\/soft-trade-network.com\/cs\/wp-json\/wp\/v2\/pages\/2246\/revisions"}],"predecessor-version":[{"id":2419,"href":"https:\/\/soft-trade-network.com\/cs\/wp-json\/wp\/v2\/pages\/2246\/revisions\/2419"}],"wp:attachment":[{"href":"https:\/\/soft-trade-network.com\/cs\/wp-json\/wp\/v2\/media?parent=2246"}],"curies":[{"name":"wp","href":"https:\/\/api.w.org\/{rel}","templated":true}]}}