{"id":2241,"date":"2021-12-14T12:25:31","date_gmt":"2021-12-14T11:25:31","guid":{"rendered":"https:\/\/soft-trades.com\/digital-currencies\/"},"modified":"2024-06-27T11:51:27","modified_gmt":"2024-06-27T10:51:27","slug":"digital-currencies","status":"publish","type":"page","link":"https:\/\/soft-trade-network.com\/cs\/digital-currencies\/","title":{"rendered":"Digital Currencies"},"content":{"rendered":"\t\t<div data-elementor-type=\"wp-page\" data-elementor-id=\"2241\" class=\"elementor elementor-2241 elementor-681\">\n\t\t\t\t\t\t<div class=\"elementor-inner\">\n\t\t\t\t<div class=\"elementor-section-wrap\">\n\t\t\t\t\t\t\t\t\t<section class=\"elementor-section elementor-top-section elementor-element elementor-element-407c1032 elementor-section-height-min-height elementor-section-boxed elementor-section-height-default elementor-section-items-middle\" data-id=\"407c1032\" data-element_type=\"section\" data-settings=\"{&quot;background_background&quot;:&quot;classic&quot;,&quot;shape_divider_bottom&quot;:&quot;pyramids&quot;}\">\n\t\t\t\t\t\t\t<div class=\"elementor-background-overlay\"><\/div>\n\t\t\t\t\t\t<div class=\"elementor-shape elementor-shape-bottom\" data-negative=\"false\">\n\t\t\t<svg xmlns=\"http:\/\/www.w3.org\/2000\/svg\" viewBox=\"0 0 1000 100\" preserveAspectRatio=\"none\">\n\t<path class=\"elementor-shape-fill\" d=\"M761.9,44.1L643.1,27.2L333.8,98L0,3.8V0l1000,0v3.9\"\/>\n<\/svg>\t\t<\/div>\n\t\t\t\t\t<div class=\"elementor-container elementor-column-gap-default\">\n\t\t\t\t\t\t\t<div class=\"elementor-row\">\n\t\t\t\t\t<div class=\"elementor-column elementor-col-100 elementor-top-column elementor-element elementor-element-315a288b\" data-id=\"315a288b\" data-element_type=\"column\">\n\t\t\t<div class=\"elementor-column-wrap elementor-element-populated\">\n\t\t\t\t\t\t\t<div class=\"elementor-widget-wrap\">\n\t\t\t\t\t\t<div class=\"elementor-element elementor-element-11f0f62f elementor-invisible elementor-widget elementor-widget-text-editor\" data-id=\"11f0f62f\" data-element_type=\"widget\" data-settings=\"{&quot;_animation&quot;:&quot;fadeInUp&quot;}\" data-widget_type=\"text-editor.default\">\n\t\t\t\t<div class=\"elementor-widget-container\">\n\t\t\t\t\t\t\t\t<div class=\"elementor-text-editor elementor-clearfix\">\n\t\t\t\t<p>Products \/ <strong>Digital Currencies<\/strong><\/p>\n\t\t\t\t\t<\/div>\n\t\t\t\t\t\t<\/div>\n\t\t\t\t<\/div>\n\t\t\t\t<div class=\"elementor-element elementor-element-6dbaa59e elementor-invisible elementor-widget elementor-widget-heading\" data-id=\"6dbaa59e\" data-element_type=\"widget\" data-settings=\"{&quot;_animation&quot;:&quot;fadeIn&quot;,&quot;_animation_delay&quot;:500}\" data-widget_type=\"heading.default\">\n\t\t\t\t<div class=\"elementor-widget-container\">\n\t\t\t<h2 class=\"elementor-heading-title elementor-size-default\">Bitcoin, Ethereum, Dogecoin a dal\u0161\u00ed\n<br> d\u016fle\u017eit\u00e9 digit\u00e1ln\u00ed m\u011bny jsou k dispozici\n<\/h2>\t\t<\/div>\n\t\t\t\t<\/div>\n\t\t\t\t<div class=\"elementor-element elementor-element-479a5c70 elementor-invisible elementor-widget elementor-widget-text-editor\" data-id=\"479a5c70\" data-element_type=\"widget\" data-settings=\"{&quot;_animation&quot;:&quot;fadeInUp&quot;}\" data-widget_type=\"text-editor.default\">\n\t\t\t\t<div class=\"elementor-widget-container\">\n\t\t\t\t\t\t\t\t<div class=\"elementor-text-editor elementor-clearfix\">\n\t\t\t\t<p>Term\u00edn \u201edigit\u00e1ln\u00ed m\u011bna\u201c ozna\u010duje platebn\u00ed syst\u00e9m, kter\u00fd nen\u00ed zalo\u017een na fiat m\u011bn\u011b, ale na alternativn\u00ed, nehmotn\u00e9 m\u011bn\u011b. Digit\u00e1ln\u00ed m\u011bna funguje podobn\u011b jako ostatn\u00ed m\u011bny, pokud jde o fungov\u00e1n\u00ed jako forma platby v transakc\u00edch.<\/p><p>Na rozd\u00edl od hotovosti nem\u00e1 digit\u00e1ln\u00ed m\u011bna fyzickou podobu, co\u017e umo\u017e\u0148uje okam\u017eit\u00e9 transakce. Tato rozli\u0161uj\u00edc\u00ed vlastnost umo\u017e\u0148uje digit\u00e1ln\u00ed m\u011bn\u011b usnadnit p\u0159eshrani\u010dn\u00ed transakce. Je d\u016fle\u017eit\u00e9 pochopit, \u017ee digit\u00e1ln\u00ed m\u011bna nen\u00ed pova\u017eov\u00e1na za ofici\u00e1ln\u00ed m\u011bnu.<\/p>\t\t\t\t\t<\/div>\n\t\t\t\t\t\t<\/div>\n\t\t\t\t<\/div>\n\t\t\t\t\t\t<\/div>\n\t\t\t\t\t<\/div>\n\t\t<\/div>\n\t\t\t\t\t\t\t\t<\/div>\n\t\t\t\t\t<\/div>\n\t\t<\/section>\n\t\t\t\t<section class=\"elementor-section elementor-top-section elementor-element elementor-element-48e4ef90 elementor-section-content-middle elementor-section-boxed elementor-section-height-default elementor-section-height-default\" data-id=\"48e4ef90\" data-element_type=\"section\">\n\t\t\t\t\t\t<div class=\"elementor-container elementor-column-gap-default\">\n\t\t\t\t\t\t\t<div class=\"elementor-row\">\n\t\t\t\t\t<div class=\"elementor-column elementor-col-50 elementor-top-column elementor-element elementor-element-7492fca6\" data-id=\"7492fca6\" data-element_type=\"column\">\n\t\t\t<div class=\"elementor-column-wrap elementor-element-populated\">\n\t\t\t\t\t\t\t<div class=\"elementor-widget-wrap\">\n\t\t\t\t\t\t<div class=\"elementor-element elementor-element-37c95a20 elementor-invisible elementor-widget elementor-widget-text-editor\" data-id=\"37c95a20\" data-element_type=\"widget\" data-settings=\"{&quot;_animation&quot;:&quot;slideInLeft&quot;}\" data-widget_type=\"text-editor.default\">\n\t\t\t\t<div class=\"elementor-widget-container\">\n\t\t\t\t\t\t\t\t<div class=\"elementor-text-editor elementor-clearfix\">\n\t\t\t\t<p>Transakce s kryptom\u011bnami jsou zpracov\u00e1v\u00e1ny a ov\u011b\u0159ov\u00e1ny na otev\u0159en\u00e9, decentralizovan\u00e9 s\u00edti. Vzhledem k tomu, \u017ee v\u0161echny transakce jsou zaznamen\u00e1ny na blockchainu, nen\u00ed mo\u017en\u00e9 \u017e\u00e1dnou z nich skr\u00fdt nebo upravit.<br \/>Na rozd\u00edl od fiat m\u011bn, kter\u00e9 maj\u00ed nekone\u010dnou nab\u00eddku, maj\u00ed digit\u00e1ln\u00ed m\u011bny omezenou a p\u0159edem definovanou nab\u00eddku, kter\u00e1 je naprogramov\u00e1na do z\u00e1kladn\u00edho algoritmu, co\u017e je \u010din\u00ed defla\u010dn\u00edmi.<\/p><p>Digit\u00e1ln\u00ed m\u011bny znamenaj\u00ed v\u00fdznamnou \u00e9ru sm\u011bnn\u00fdch prost\u0159edk\u016f. D\u00edky technologii blockchain zaji\u0161\u0165uj\u00ed, \u017ee transakce jsou bezpe\u010dn\u00e9, zabezpe\u010den\u00e9 a v re\u00e1ln\u00e9m \u010dase. Jejich pen\u011b\u017eenky jsou pln\u00e9 virtu\u00e1ln\u00ed m\u011bny. Bitcoin m\u016f\u017ee b\u00fdt ulo\u017een bu\u010f v online nebo offline elektronick\u00fdch pen\u011b\u017eenk\u00e1ch.<\/p><p>Bitcoin dominuje trhu digit\u00e1ln\u00edch m\u011bn od sv\u00e9ho vzniku v roce 2009. Bitcoin otev\u0159el cestu pro vznik nov\u00fdch digit\u00e1ln\u00edch m\u011bn. Po Bitcoinu byly vyd\u00e1ny tis\u00edce nov\u00fdch kryptom\u011bn, kter\u00e9 ovlivnily budoucnost digit\u00e1ln\u00edch m\u011bn. Mnoh\u00e9 z nich jsou ozna\u010dov\u00e1ny jako \u201ealtcoiny\u201c kv\u016fli jejich postaven\u00ed alternativ k Bitcoinu.<\/p><p>Altcoiny se od Bitcoinu li\u0161\u00ed ve v\u0161ech ohledech, od jejich algoritmick\u00fdch p\u016fvod\u016f po ekonomick\u00e9 koncepty, na nich\u017e jsou zalo\u017eeny. N\u011bkter\u00e9 kryptom\u011bny obsahuj\u00ed zjednodu\u0161en\u00fd programovac\u00ed jazyk, kter\u00fd umo\u017e\u0148uje v\u00fdvoj aplikac\u00ed na b\u00e1zi blockchainu. Ka\u017ed\u00fd obchodn\u00edk by m\u011bl m\u00edt z\u00e1kladn\u00ed znalosti o kryptom\u011bn\u011b, s kterou obchoduje.<\/p>\t\t\t\t\t<\/div>\n\t\t\t\t\t\t<\/div>\n\t\t\t\t<\/div>\n\t\t\t\t\t\t<\/div>\n\t\t\t\t\t<\/div>\n\t\t<\/div>\n\t\t\t\t<div class=\"elementor-column elementor-col-50 elementor-top-column elementor-element elementor-element-40b69ee2\" data-id=\"40b69ee2\" data-element_type=\"column\">\n\t\t\t<div class=\"elementor-column-wrap elementor-element-populated\">\n\t\t\t\t\t\t\t<div class=\"elementor-widget-wrap\">\n\t\t\t\t\t\t<div class=\"elementor-element elementor-element-1df0cf4d elementor-invisible elementor-widget elementor-widget-text-editor\" data-id=\"1df0cf4d\" data-element_type=\"widget\" data-settings=\"{&quot;_animation&quot;:&quot;slideInRight&quot;}\" data-widget_type=\"text-editor.default\">\n\t\t\t\t<div class=\"elementor-widget-container\">\n\t\t\t\t\t\t\t\t<div class=\"elementor-text-editor elementor-clearfix\">\n\t\t\t\t\n<div class=\"tradingview-widget-container\">\n<div class=\"tradingview-widget-container__widget\"><\/div>\n<script type=\"text\/javascript\" src=\"https:\/\/s3.tradingview.com\/external-embedding\/embed-widget-screener.js\" async=\"\">\n  {\n  \"width\": \"100%\",\n  \"height\": \"480\",\n  \"defaultColumn\": \"overview\",\n  \"screener_type\": \"crypto_mkt\",\n  \"displayCurrency\": \"USD\",\n  \"colorTheme\": \"light\",\n  \"locale\": \"en\"\n}\n  <\/script>\n\n<\/div>\n\t\t\t\t\t<\/div>\n\t\t\t\t\t\t<\/div>\n\t\t\t\t<\/div>\n\t\t\t\t\t\t<\/div>\n\t\t\t\t\t<\/div>\n\t\t<\/div>\n\t\t\t\t\t\t\t\t<\/div>\n\t\t\t\t\t<\/div>\n\t\t<\/section>\n\t\t\t\t\t\t\t\t\t<\/div>\n\t\t\t<\/div>\n\t\t\t\t\t<\/div>\n\t\t","protected":false},"excerpt":{"rendered":"<p>Products \/ Digital Currencies Bitcoin, Ethereum, Dogecoin a dal\u0161\u00ed d\u016fle\u017eit\u00e9 digit\u00e1ln\u00ed m\u011bny jsou k dispozici Term\u00edn \u201edigit\u00e1ln\u00ed m\u011bna\u201c ozna\u010duje platebn\u00ed syst\u00e9m, kter\u00fd nen\u00ed zalo\u017een na fiat m\u011bn\u011b, ale na alternativn\u00ed, nehmotn\u00e9 m\u011bn\u011b. Digit\u00e1ln\u00ed m\u011bna funguje podobn\u011b jako ostatn\u00ed m\u011bny, pokud jde o fungov\u00e1n\u00ed jako forma platby v transakc\u00edch. Na rozd\u00edl od hotovosti nem\u00e1 digit\u00e1ln\u00ed m\u011bna [&hellip;]<\/p>\n","protected":false},"author":1,"featured_media":0,"parent":0,"menu_order":0,"comment_status":"closed","ping_status":"closed","template":"","meta":{"footnotes":""},"class_list":["post-2241","page","type-page","status-publish","hentry"],"_links":{"self":[{"href":"https:\/\/soft-trade-network.com\/cs\/wp-json\/wp\/v2\/pages\/2241","targetHints":{"allow":["GET"]}}],"collection":[{"href":"https:\/\/soft-trade-network.com\/cs\/wp-json\/wp\/v2\/pages"}],"about":[{"href":"https:\/\/soft-trade-network.com\/cs\/wp-json\/wp\/v2\/types\/page"}],"author":[{"embeddable":true,"href":"https:\/\/soft-trade-network.com\/cs\/wp-json\/wp\/v2\/users\/1"}],"replies":[{"embeddable":true,"href":"https:\/\/soft-trade-network.com\/cs\/wp-json\/wp\/v2\/comments?post=2241"}],"version-history":[{"count":4,"href":"https:\/\/soft-trade-network.com\/cs\/wp-json\/wp\/v2\/pages\/2241\/revisions"}],"predecessor-version":[{"id":2573,"href":"https:\/\/soft-trade-network.com\/cs\/wp-json\/wp\/v2\/pages\/2241\/revisions\/2573"}],"wp:attachment":[{"href":"https:\/\/soft-trade-network.com\/cs\/wp-json\/wp\/v2\/media?parent=2241"}],"curies":[{"name":"wp","href":"https:\/\/api.w.org\/{rel}","templated":true}]}}