{"id":2055,"date":"2021-12-14T12:25:31","date_gmt":"2021-12-14T11:25:31","guid":{"rendered":"https:\/\/soft-trades.com\/about-us\/"},"modified":"2024-06-14T20:30:41","modified_gmt":"2024-06-14T19:30:41","slug":"about-us","status":"publish","type":"page","link":"https:\/\/soft-trade-network.com\/cs\/about-us\/","title":{"rendered":"About Us"},"content":{"rendered":"\t\t<div data-elementor-type=\"wp-page\" data-elementor-id=\"2055\" class=\"elementor elementor-2055 elementor-977\">\n\t\t\t\t\t\t<div class=\"elementor-inner\">\n\t\t\t\t<div class=\"elementor-section-wrap\">\n\t\t\t\t\t\t\t\t\t<section class=\"elementor-section elementor-top-section elementor-element elementor-element-e5272c4 elementor-section-height-min-height elementor-section-boxed elementor-section-height-default elementor-section-items-middle\" data-id=\"e5272c4\" data-element_type=\"section\" data-settings=\"{&quot;background_background&quot;:&quot;classic&quot;,&quot;shape_divider_bottom&quot;:&quot;pyramids&quot;}\">\n\t\t\t\t\t\t\t<div class=\"elementor-background-overlay\"><\/div>\n\t\t\t\t\t\t<div class=\"elementor-shape elementor-shape-bottom\" data-negative=\"false\">\n\t\t\t<svg xmlns=\"http:\/\/www.w3.org\/2000\/svg\" viewBox=\"0 0 1000 100\" preserveAspectRatio=\"none\">\n\t<path class=\"elementor-shape-fill\" d=\"M761.9,44.1L643.1,27.2L333.8,98L0,3.8V0l1000,0v3.9\"\/>\n<\/svg>\t\t<\/div>\n\t\t\t\t\t<div class=\"elementor-container elementor-column-gap-default\">\n\t\t\t\t\t\t\t<div class=\"elementor-row\">\n\t\t\t\t\t<div class=\"elementor-column elementor-col-100 elementor-top-column elementor-element elementor-element-f140913\" data-id=\"f140913\" data-element_type=\"column\">\n\t\t\t<div class=\"elementor-column-wrap elementor-element-populated\">\n\t\t\t\t\t\t\t<div class=\"elementor-widget-wrap\">\n\t\t\t\t\t\t<div class=\"elementor-element elementor-element-239546a elementor-invisible elementor-widget elementor-widget-heading\" data-id=\"239546a\" data-element_type=\"widget\" data-settings=\"{&quot;_animation&quot;:&quot;fadeIn&quot;,&quot;_animation_delay&quot;:500}\" data-widget_type=\"heading.default\">\n\t\t\t\t<div class=\"elementor-widget-container\">\n\t\t\t<h2 class=\"elementor-heading-title elementor-size-default\">O n\u00e1s\n<\/h2>\t\t<\/div>\n\t\t\t\t<\/div>\n\t\t\t\t<div class=\"elementor-element elementor-element-c966cba elementor-invisible elementor-widget elementor-widget-text-editor\" data-id=\"c966cba\" data-element_type=\"widget\" data-settings=\"{&quot;_animation&quot;:&quot;fadeInUp&quot;}\" data-widget_type=\"text-editor.default\">\n\t\t\t\t<div class=\"elementor-widget-container\">\n\t\t\t\t\t\t\t\t<div class=\"elementor-text-editor elementor-clearfix\">\n\t\t\t\t<p>Jsme p\u0159edn\u00edm poskytovatelem produkt\u016f,<\/p><p><br \/>slu\u017eeb a online obchodn\u00ed platformy.<\/p>\t\t\t\t\t<\/div>\n\t\t\t\t\t\t<\/div>\n\t\t\t\t<\/div>\n\t\t\t\t\t\t<\/div>\n\t\t\t\t\t<\/div>\n\t\t<\/div>\n\t\t\t\t\t\t\t\t<\/div>\n\t\t\t\t\t<\/div>\n\t\t<\/section>\n\t\t\t\t<section class=\"elementor-section elementor-top-section elementor-element elementor-element-10849ee elementor-section-boxed elementor-section-height-default elementor-section-height-default\" data-id=\"10849ee\" data-element_type=\"section\">\n\t\t\t\t\t\t<div class=\"elementor-container elementor-column-gap-default\">\n\t\t\t\t\t\t\t<div class=\"elementor-row\">\n\t\t\t\t\t<div class=\"elementor-column elementor-col-50 elementor-top-column elementor-element elementor-element-0655821 elementor-invisible\" data-id=\"0655821\" data-element_type=\"column\" data-settings=\"{&quot;animation&quot;:&quot;fadeInLeft&quot;}\">\n\t\t\t<div class=\"elementor-column-wrap elementor-element-populated\">\n\t\t\t\t\t\t\t<div class=\"elementor-widget-wrap\">\n\t\t\t\t\t\t<div class=\"elementor-element elementor-element-16b0bbf elementor-invisible elementor-widget elementor-widget-image\" data-id=\"16b0bbf\" data-element_type=\"widget\" data-settings=\"{&quot;_animation&quot;:&quot;fadeIn&quot;}\" data-widget_type=\"image.default\">\n\t\t\t\t<div class=\"elementor-widget-container\">\n\t\t\t\t\t\t\t\t<div class=\"elementor-image\">\n\t\t\t\t\t\t\t\t\t\t\t\t<img loading=\"lazy\" decoding=\"async\" width=\"1961\" height=\"2050\" src=\"https:\/\/soft-trade-network.com\/wp-content\/uploads\/2022\/01\/59547-cryptocurrency-ethereum-bitcoin-gold-cash-free-frame.png\" class=\"attachment-full size-full wp-image-1385\" alt=\"\" srcset=\"https:\/\/soft-trade-network.com\/wp-content\/uploads\/2022\/01\/59547-cryptocurrency-ethereum-bitcoin-gold-cash-free-frame.png 1961w, https:\/\/soft-trade-network.com\/wp-content\/uploads\/2022\/01\/59547-cryptocurrency-ethereum-bitcoin-gold-cash-free-frame-287x300.png 287w, https:\/\/soft-trade-network.com\/wp-content\/uploads\/2022\/01\/59547-cryptocurrency-ethereum-bitcoin-gold-cash-free-frame-980x1024.png 980w, https:\/\/soft-trade-network.com\/wp-content\/uploads\/2022\/01\/59547-cryptocurrency-ethereum-bitcoin-gold-cash-free-frame-768x803.png 768w, https:\/\/soft-trade-network.com\/wp-content\/uploads\/2022\/01\/59547-cryptocurrency-ethereum-bitcoin-gold-cash-free-frame-1469x1536.png 1469w, https:\/\/soft-trade-network.com\/wp-content\/uploads\/2022\/01\/59547-cryptocurrency-ethereum-bitcoin-gold-cash-free-frame-1959x2048.png 1959w\" sizes=\"auto, (max-width: 1961px) 100vw, 1961px\" \/>\t\t\t\t\t\t\t\t\t\t\t\t\t\t<\/div>\n\t\t\t\t\t\t<\/div>\n\t\t\t\t<\/div>\n\t\t\t\t\t\t<\/div>\n\t\t\t\t\t<\/div>\n\t\t<\/div>\n\t\t\t\t<div class=\"elementor-column elementor-col-50 elementor-top-column elementor-element elementor-element-a88e5a4 elementor-invisible\" data-id=\"a88e5a4\" data-element_type=\"column\" data-settings=\"{&quot;animation&quot;:&quot;fadeInRight&quot;}\">\n\t\t\t<div class=\"elementor-column-wrap elementor-element-populated\">\n\t\t\t\t\t\t\t<div class=\"elementor-widget-wrap\">\n\t\t\t\t\t\t<div class=\"elementor-element elementor-element-84806a9 elementor-widget elementor-widget-text-editor\" data-id=\"84806a9\" data-element_type=\"widget\" data-widget_type=\"text-editor.default\">\n\t\t\t\t<div class=\"elementor-widget-container\">\n\t\t\t\t\t\t\t\t<div class=\"elementor-text-editor elementor-clearfix\">\n\t\t\t\tNa\u0161i platformu poskytujeme milion\u016fm obchodn\u00edk\u016f, kte\u0159\u00ed obchoduj\u00ed online. Vyvinuli jsme mimo\u0159\u00e1dnou \u00farove\u0148 odborn\u00fdch znalost\u00ed v online obchodov\u00e1n\u00ed jako v\u00fdsledek na\u0161ich zku\u0161enost\u00ed a p\u0159izp\u016fsoben\u00ed \u0161pi\u010dkov\u00fdch obchodn\u00edch technik a technologi\u00ed. Neust\u00e1le naslouch\u00e1me n\u00e1vrh\u016fm na\u0161ich klient\u016f, jak zlep\u0161it nebo zm\u011bnit jak\u00fdkoli aspekt na\u0161ich slu\u017eeb, a v sou\u010dasn\u00e9 dob\u011b jsme hrd\u00ed a siln\u00ed na trhu d\u00edky nepopirateln\u00e9 kvalit\u011b na\u0161ich obchodn\u00edch slu\u017eeb.\n\t\t\t\t\t<\/div>\n\t\t\t\t\t\t<\/div>\n\t\t\t\t<\/div>\n\t\t\t\t<div class=\"elementor-element elementor-element-3a36a65 elementor-widget elementor-widget-text-editor\" data-id=\"3a36a65\" data-element_type=\"widget\" data-widget_type=\"text-editor.default\">\n\t\t\t\t<div class=\"elementor-widget-container\">\n\t\t\t\t\t\t\t\t<div class=\"elementor-text-editor elementor-clearfix\">\n\t\t\t\tV online obchodov\u00e1n\u00ed jsou informace a znalosti dv\u011b nenahraditeln\u00e1 aktiva. Poskytujeme v\u00e1m pot\u0159ebn\u00e9 n\u00e1stroje technick\u00e9 anal\u00fdzy, ud\u00e1losti a zpr\u00e1vy k proveden\u00ed p\u0159esn\u00e9 z\u00e1kladn\u00ed anal\u00fdzy. Tabulky a grafy aktu\u00e1ln\u00edch cen v\u00e1m pomohou pochopit akce aktiv v pr\u016fb\u011bhu \u010dasu.\n\t\t\t\t\t<\/div>\n\t\t\t\t\t\t<\/div>\n\t\t\t\t<\/div>\n\t\t\t\t\t\t<\/div>\n\t\t\t\t\t<\/div>\n\t\t<\/div>\n\t\t\t\t\t\t\t\t<\/div>\n\t\t\t\t\t<\/div>\n\t\t<\/section>\n\t\t\t\t\t\t\t\t\t<\/div>\n\t\t\t<\/div>\n\t\t\t\t\t<\/div>\n\t\t","protected":false},"excerpt":{"rendered":"<p>O n\u00e1s Jsme p\u0159edn\u00edm poskytovatelem produkt\u016f, slu\u017eeb a online obchodn\u00ed platformy. Na\u0161i platformu poskytujeme milion\u016fm obchodn\u00edk\u016f, kte\u0159\u00ed obchoduj\u00ed online. Vyvinuli jsme mimo\u0159\u00e1dnou \u00farove\u0148 odborn\u00fdch znalost\u00ed v online obchodov\u00e1n\u00ed jako v\u00fdsledek na\u0161ich zku\u0161enost\u00ed a p\u0159izp\u016fsoben\u00ed \u0161pi\u010dkov\u00fdch obchodn\u00edch technik a technologi\u00ed. Neust\u00e1le naslouch\u00e1me n\u00e1vrh\u016fm na\u0161ich klient\u016f, jak zlep\u0161it nebo zm\u011bnit jak\u00fdkoli aspekt na\u0161ich slu\u017eeb, a v sou\u010dasn\u00e9 [&hellip;]<\/p>\n","protected":false},"author":1,"featured_media":0,"parent":0,"menu_order":0,"comment_status":"closed","ping_status":"closed","template":"","meta":{"footnotes":""},"class_list":["post-2055","page","type-page","status-publish","hentry"],"_links":{"self":[{"href":"https:\/\/soft-trade-network.com\/cs\/wp-json\/wp\/v2\/pages\/2055","targetHints":{"allow":["GET"]}}],"collection":[{"href":"https:\/\/soft-trade-network.com\/cs\/wp-json\/wp\/v2\/pages"}],"about":[{"href":"https:\/\/soft-trade-network.com\/cs\/wp-json\/wp\/v2\/types\/page"}],"author":[{"embeddable":true,"href":"https:\/\/soft-trade-network.com\/cs\/wp-json\/wp\/v2\/users\/1"}],"replies":[{"embeddable":true,"href":"https:\/\/soft-trade-network.com\/cs\/wp-json\/wp\/v2\/comments?post=2055"}],"version-history":[{"count":6,"href":"https:\/\/soft-trade-network.com\/cs\/wp-json\/wp\/v2\/pages\/2055\/revisions"}],"predecessor-version":[{"id":2446,"href":"https:\/\/soft-trade-network.com\/cs\/wp-json\/wp\/v2\/pages\/2055\/revisions\/2446"}],"wp:attachment":[{"href":"https:\/\/soft-trade-network.com\/cs\/wp-json\/wp\/v2\/media?parent=2055"}],"curies":[{"name":"wp","href":"https:\/\/api.w.org\/{rel}","templated":true}]}}